{"id":69,"date":"2024-04-09T12:52:16","date_gmt":"2024-04-09T12:52:16","guid":{"rendered":"https:\/\/physio-nemetz.at\/?page_id=69"},"modified":"2024-04-16T10:06:22","modified_gmt":"2024-04-16T10:06:22","slug":"physio","status":"publish","type":"page","link":"https:\/\/physio-nemetz.at\/?page_id=69","title":{"rendered":""},"content":{"rendered":"\n<p>Meine therapeutischen Schwerpunkte liegen auf der Orthoph\u00e4die und Traumatologie und der Frauengesundheit. Nachfolgend finden Sie eine \u00dcbersicht:<\/p>\n\n\n\n<ul class=\"wp-block-list\">\n<li><strong>orthop\u00e4dische Beschwerden<\/strong><br>wie Gelenksschmerzen, Muskelverspannungen und R\u00fcckenschmerzen<\/li>\n\n\n\n<li><strong>Rehabilitation nach Verletzungen oder chirurgischen Eingriffen<\/strong><br>um die Funktion des K\u00f6rpers wiederherzustellen<\/li>\n\n\n\n<li><strong>Beckenbodentraining<\/strong><br>pr\u00e4ventiv und therapeutisch<\/li>\n\n\n\n<li><strong>Frauengesundheit<\/strong><br>Therapie und Pr\u00e4vention f\u00fcr Frauen in allen Lebensphasen, von der Pubert\u00e4t \u00fcber<br>Schwangerschaft bis hin zur Menopause<\/li>\n\n\n\n<li><strong>Begleitung von Schwangerschaft und R\u00fcckbildung<\/strong><br>Unterst\u00fctzung w\u00e4hrend der Schwangerschaft und nach der Geburt, um den K\u00f6rper zu st\u00e4rken und Beschwerden vorzubeugen<\/li>\n\n\n\n<li><strong>Beckenschmerzsyndrome<\/strong><\/li>\n\n\n\n<li><strong>Beckenbodendysfunktionen<\/strong><\/li>\n\n\n\n<li><strong>Organsenkungen<\/strong><\/li>\n\n\n\n<li><strong>pr\u00e4ventives allgemeines Training<\/strong><br>zur Vorbeugung von Beschwerden und Erhaltung der Gesundheit<\/li>\n\n\n\n<li><strong>Haltungsschulung<\/strong><br>Analyse und Korrektur von Fehlhaltungen durch gezielte \u00dcbungen und Anleitungen zur Verbesserung der K\u00f6rperhaltung<\/li>\n<\/ul>\n\n\n\n<p><\/p>\n\n\n\n<p><br>Bitte beachten Sie, dass f\u00fcr therapeutische Behandlungen bei Beschwerden eine \u00e4rztliche Verordnung (teilweise auch eine chef\u00e4rztliche Bewilligung) ben\u00f6tigt wird. F\u00fcr pr\u00e4ventive Angebote wie allgemeines Training, Haltungsschulung und Begleitung von Schwangerschaft und R\u00fcckbildung ist keine \u00e4rztliche Verordnung erforderlich.<br>Ich stehe Ihnen ausschlie\u00dflich als Wahltherapeutin zur Verf\u00fcgung.<\/p>\n\n\n\n<p>Bringen Sie bitte zum ersten Termin die \u00e4rztliche Verordnung sowie etwaige Befunde, OP-Berichte,&#8230; etc mit. Desweiteren brauchen Sie bequeme Kleidung und ein Handtuch.<\/p>\n\n\n\n<p>Kontaktieren Sie mich gerne, um einen Termin zu vereinbaren oder weitere Informationen zu meinen Leistungen zu erhalten. Ich freue mich darauf, Sie kennen zu lernen.<\/p>\n","protected":false},"excerpt":{"rendered":"<p>Meine therapeutischen Schwerpunkte liegen auf der Orthoph\u00e4die und Traumatologie und der Frauengesundheit. Nachfolgend finden Sie eine \u00dcbersicht: Bitte beachten Sie, dass f\u00fcr therapeutische Behandlungen&#8230;<\/p>\n","protected":false},"author":2,"featured_media":0,"parent":0,"menu_order":0,"comment_status":"closed","ping_status":"closed","template":"","meta":{"footnotes":""},"class_list":["post-69","page","type-page","status-publish","hentry"],"_links":{"self":[{"href":"https:\/\/physio-nemetz.at\/index.php?rest_route=\/wp\/v2\/pages\/69","targetHints":{"allow":["GET"]}}],"collection":[{"href":"https:\/\/physio-nemetz.at\/index.php?rest_route=\/wp\/v2\/pages"}],"about":[{"href":"https:\/\/physio-nemetz.at\/index.php?rest_route=\/wp\/v2\/types\/page"}],"author":[{"embeddable":true,"href":"https:\/\/physio-nemetz.at\/index.php?rest_route=\/wp\/v2\/users\/2"}],"replies":[{"embeddable":true,"href":"https:\/\/physio-nemetz.at\/index.php?rest_route=%2Fwp%2Fv2%2Fcomments&post=69"}],"version-history":[{"count":10,"href":"https:\/\/physio-nemetz.at\/index.php?rest_route=\/wp\/v2\/pages\/69\/revisions"}],"predecessor-version":[{"id":119,"href":"https:\/\/physio-nemetz.at\/index.php?rest_route=\/wp\/v2\/pages\/69\/revisions\/119"}],"wp:attachment":[{"href":"https:\/\/physio-nemetz.at\/index.php?rest_route=%2Fwp%2Fv2%2Fmedia&parent=69"}],"curies":[{"name":"wp","href":"https:\/\/api.w.org\/{rel}","templated":true}]}}