{"id":28,"date":"2024-04-08T11:27:51","date_gmt":"2024-04-08T11:27:51","guid":{"rendered":"https:\/\/physio-nemetz.at\/?page_id=28"},"modified":"2024-04-18T13:46:38","modified_gmt":"2024-04-18T13:46:38","slug":"impressum","status":"publish","type":"page","link":"https:\/\/physio-nemetz.at\/?page_id=28","title":{"rendered":"Impressum"},"content":{"rendered":"\n<p><strong>Information gem\u00e4\u00df \u00a75 E-Commerce Gesetz und Offenlegung gem\u00e4\u00df \u00a7 25 Mediengesetz<\/strong><\/p>\n\n\n\n<p><br><strong>Diensteanbieterin und Medieninhaberin:<\/strong> Elisabeth Nemetz<br><strong>Anschrift: <\/strong>Niederwaldstra\u00dfe 14, 3032 Eichgraben, \u00d6sterreich<br><strong>Telefon:<\/strong> +43677 61566526<br><strong>E-Mail:<\/strong> mail@physio-nemetz.at<br><strong>Internet:<\/strong> www.musterpraxis.com<br><strong>Berufsbezeichnung:<\/strong> Physiotherapeutin<br>Wahltherapeutin<br><br><strong>Aufsichtsbeh\u00f6rde:<\/strong><br>a) Hygiene\u00fcberpr\u00fcfung des Berufssitzes gem. \u00a7 8 MTD-G: zust\u00e4ndige Bezirksverwaltungsbeh\u00f6rde: BH-St.P\u00f6lten<br>b) Pr\u00fcfung der Berufsberechtigung und Registrierung nach dem Gesundheitsberuferegister-Gesetz<br>(GBRG): Gesundheit \u00d6sterreich GmbH<\/p>\n\n\n\n<p><br><strong>Zust\u00e4ndiger Berufsverband:<\/strong> Physio Austria, Bundesverband der PhysiotherapeutInnen \u00d6sterreichs <a href=\"https:\/\/www.physioaustria.at\/\">https:\/\/www.physioaustria.at\/<\/a><\/p>\n\n\n\n<p><br><strong>zur Registrierung nach Gesundheitsberuferegister-Gesetz (GBRG) zust\u00e4ndige Beh\u00f6rde<\/strong>: Gesundheit \u00d6sterreich GmbH \/ Registrierungs-Nummer: 24-GBR-223610 \/ 19.03.2024<\/p>\n\n\n\n<p><br><strong>Physio Austria Mitglied<\/strong><\/p>\n\n\n\n<p><br>Die T\u00e4tigkeit unterliegt dem MTD-Gesetz (BGBlNr. 460\/1992 in der geltenden Fassung)<br>(<a href=\"https:\/\/www.ris.bka.gv.at\/bgbl\/\">https:\/\/www.ris.bka.gv.at\/bgbl\/<\/a>)<\/p>\n\n\n\n<p>Theme by <a href=\"https:\/\/superbthemes.com\/\">Superb WordPress Themes<\/a> ver\u00e4ndert am 16.4.2024: Footer ausgeblendet<\/p>\n","protected":false},"excerpt":{"rendered":"<p>Information gem\u00e4\u00df \u00a75 E-Commerce Gesetz und Offenlegung gem\u00e4\u00df \u00a7 25 Mediengesetz Diensteanbieterin und Medieninhaberin: Elisabeth NemetzAnschrift: Niederwaldstra\u00dfe 14, 3032 Eichgraben, \u00d6sterreichTelefon: +43677 61566526E-Mail: mail@physio-nemetz.atInternet:&#8230;<\/p>\n","protected":false},"author":2,"featured_media":0,"parent":0,"menu_order":0,"comment_status":"closed","ping_status":"closed","template":"","meta":{"footnotes":""},"class_list":["post-28","page","type-page","status-publish","hentry"],"_links":{"self":[{"href":"https:\/\/physio-nemetz.at\/index.php?rest_route=\/wp\/v2\/pages\/28","targetHints":{"allow":["GET"]}}],"collection":[{"href":"https:\/\/physio-nemetz.at\/index.php?rest_route=\/wp\/v2\/pages"}],"about":[{"href":"https:\/\/physio-nemetz.at\/index.php?rest_route=\/wp\/v2\/types\/page"}],"author":[{"embeddable":true,"href":"https:\/\/physio-nemetz.at\/index.php?rest_route=\/wp\/v2\/users\/2"}],"replies":[{"embeddable":true,"href":"https:\/\/physio-nemetz.at\/index.php?rest_route=%2Fwp%2Fv2%2Fcomments&post=28"}],"version-history":[{"count":5,"href":"https:\/\/physio-nemetz.at\/index.php?rest_route=\/wp\/v2\/pages\/28\/revisions"}],"predecessor-version":[{"id":151,"href":"https:\/\/physio-nemetz.at\/index.php?rest_route=\/wp\/v2\/pages\/28\/revisions\/151"}],"wp:attachment":[{"href":"https:\/\/physio-nemetz.at\/index.php?rest_route=%2Fwp%2Fv2%2Fmedia&parent=28"}],"curies":[{"name":"wp","href":"https:\/\/api.w.org\/{rel}","templated":true}]}}