{"id":25,"date":"2024-04-08T11:27:51","date_gmt":"2024-04-08T11:27:51","guid":{"rendered":"https:\/\/physio-nemetz.at\/?page_id=25"},"modified":"2024-04-16T10:54:47","modified_gmt":"2024-04-16T10:54:47","slug":"frauengesundheit","status":"publish","type":"page","link":"https:\/\/physio-nemetz.at\/?page_id=25","title":{"rendered":"Frauengesundheit"},"content":{"rendered":"\n<p>Mit meinem Schwerpunkt auf die Frauengesundheit unterst\u00fctze ich Frauen in allen Lebensphasen mit individuellen therapeutischen Ma\u00dfnahmen, die auf die spezifischen Bed\u00fcrfnisse des weiblichen K\u00f6rpers abgestimmt sind. Von speziellen Frauen-Gesundheitsthemen bis hin zu allgemeinen Gesundheits- und Pr\u00e4ventionsma\u00dfnahmen \u2013 mein Ziel ist es, Sie in Ihrem Wohlbefinden und Ihrer k\u00f6rperlichen St\u00e4rke zu unterst\u00fctzen.<\/p>\n\n\n\n<p style=\"line-height:1.5\">Die Physiotherapie kann dabei sowohl therapeutisch als auch pr\u00e4ventiv ihren Beitrag leisten.<\/p>\n\n\n\n<p>Zum Beispiel bei:<\/p>\n\n\n\n<ul class=\"wp-block-list\">\n<li><strong>Beckenboden <\/strong>(Dysfunktionen)<\/li>\n\n\n\n<li><strong>Schwangerschaft, Geburt und R\u00fcckbildung<\/strong><\/li>\n\n\n\n<li><strong>sexuelle Beschwerden<\/strong><br>(zB.: Penetrationsschmerz, Orgasmusst\u00f6rung,&#8230;)<\/li>\n\n\n\n<li><strong>Beckenschmerzen<\/strong><\/li>\n\n\n\n<li><strong>ISG Beschwerden<\/strong><\/li>\n\n\n\n<li><strong>Inkontinenzen<\/strong><br>(Belastungs-, Drang- &amp; Stuhllinkontinenz, \u00dcberaktive Blase und Mischformen)<\/li>\n\n\n\n<li><strong>Beckenorgane \/ Senkungen<\/strong><\/li>\n\n\n\n<li><strong>vor und nach Operationen<\/strong><\/li>\n\n\n\n<li><strong>Pr\u00e4ventiv: Beckenboden-Check<\/strong><br>(funktionelle \u00dcberpr\u00fcfung der Beckenboden-Muskulatur)<\/li>\n<\/ul>\n\n\n\n<p>Je nach Beschwerdebild biete ich nach Absprache auch vaginale Techniken an. Diese k\u00f6nnen zur Untersuchung und Therapie unterschiedlicher Beschwerden in der Lendenwirbels\u00e4ulen-, Leisten- und Beckenregion eingesetzt werden.<\/p>\n","protected":false},"excerpt":{"rendered":"<p>Mit meinem Schwerpunkt auf die Frauengesundheit unterst\u00fctze ich Frauen in allen Lebensphasen mit individuellen therapeutischen Ma\u00dfnahmen, die auf die spezifischen Bed\u00fcrfnisse des weiblichen K\u00f6rpers&#8230;<\/p>\n","protected":false},"author":2,"featured_media":0,"parent":0,"menu_order":0,"comment_status":"closed","ping_status":"closed","template":"","meta":{"footnotes":""},"class_list":["post-25","page","type-page","status-publish","hentry"],"_links":{"self":[{"href":"https:\/\/physio-nemetz.at\/index.php?rest_route=\/wp\/v2\/pages\/25","targetHints":{"allow":["GET"]}}],"collection":[{"href":"https:\/\/physio-nemetz.at\/index.php?rest_route=\/wp\/v2\/pages"}],"about":[{"href":"https:\/\/physio-nemetz.at\/index.php?rest_route=\/wp\/v2\/types\/page"}],"author":[{"embeddable":true,"href":"https:\/\/physio-nemetz.at\/index.php?rest_route=\/wp\/v2\/users\/2"}],"replies":[{"embeddable":true,"href":"https:\/\/physio-nemetz.at\/index.php?rest_route=%2Fwp%2Fv2%2Fcomments&post=25"}],"version-history":[{"count":12,"href":"https:\/\/physio-nemetz.at\/index.php?rest_route=\/wp\/v2\/pages\/25\/revisions"}],"predecessor-version":[{"id":122,"href":"https:\/\/physio-nemetz.at\/index.php?rest_route=\/wp\/v2\/pages\/25\/revisions\/122"}],"wp:attachment":[{"href":"https:\/\/physio-nemetz.at\/index.php?rest_route=%2Fwp%2Fv2%2Fmedia&parent=25"}],"curies":[{"name":"wp","href":"https:\/\/api.w.org\/{rel}","templated":true}]}}