{"id":24,"date":"2024-04-08T11:27:51","date_gmt":"2024-04-08T11:27:51","guid":{"rendered":"https:\/\/physio-nemetz.at\/?page_id=24"},"modified":"2025-06-25T12:15:41","modified_gmt":"2025-06-25T12:15:41","slug":"yoga","status":"publish","type":"page","link":"https:\/\/physio-nemetz.at\/?page_id=24","title":{"rendered":"Kurse"},"content":{"rendered":"\n<figure class=\"wp-block-image size-large is-resized\"><a href=\"https:\/\/www.praxis-manipura.at\/kurs-workshopleiterinnen\/lisi-nemetz-beckenboden\/\"><img loading=\"lazy\" decoding=\"async\" width=\"726\" height=\"1024\" src=\"https:\/\/physio-nemetz.at\/wp-content\/uploads\/2025\/06\/Beckenbodentraining-Manipura-Herbst-726x1024.png\" alt=\"\" class=\"wp-image-175\" style=\"width:493px;height:auto\" srcset=\"https:\/\/physio-nemetz.at\/wp-content\/uploads\/2025\/06\/Beckenbodentraining-Manipura-Herbst-726x1024.png 726w, https:\/\/physio-nemetz.at\/wp-content\/uploads\/2025\/06\/Beckenbodentraining-Manipura-Herbst-213x300.png 213w, https:\/\/physio-nemetz.at\/wp-content\/uploads\/2025\/06\/Beckenbodentraining-Manipura-Herbst-768x1083.png 768w, https:\/\/physio-nemetz.at\/wp-content\/uploads\/2025\/06\/Beckenbodentraining-Manipura-Herbst-1090x1536.png 1090w, https:\/\/physio-nemetz.at\/wp-content\/uploads\/2025\/06\/Beckenbodentraining-Manipura-Herbst.png 1240w\" sizes=\"auto, (max-width: 726px) 100vw, 726px\" \/><\/a><\/figure>\n\n\n\n<p>Weiter Infos: <a href=\"https:\/\/www.praxis-manipura.at\/kurs-workshopleiterinnen\/lisi-nemetz-beckenboden\/\">Gemeinschaftspraxis Manipura<\/a><\/p>\n\n\n\n<p>Gerne biete ich neben meinem regul\u00e4ren Kursangebot auch individuelle Yoga-Einheiten im 1:1 Setting an. Diese erm\u00f6glichen es mir, gezielt auf pers\u00f6nliche Bed\u00fcrfnisse und M\u00f6glichkeiten einzugehen.<\/p>\n\n\n\n<div class=\"wp-block-group\"><div class=\"wp-block-group__inner-container is-layout-constrained wp-block-group-is-layout-constrained\">\n<p><\/p>\n<\/div><\/div>\n","protected":false},"excerpt":{"rendered":"<p>Weiter Infos: Gemeinschaftspraxis Manipura Gerne biete ich neben meinem regul\u00e4ren Kursangebot auch individuelle Yoga-Einheiten im 1:1 Setting an. Diese erm\u00f6glichen es mir, gezielt auf&#8230;<\/p>\n","protected":false},"author":2,"featured_media":0,"parent":0,"menu_order":0,"comment_status":"closed","ping_status":"closed","template":"","meta":{"footnotes":""},"class_list":["post-24","page","type-page","status-publish","hentry"],"_links":{"self":[{"href":"https:\/\/physio-nemetz.at\/index.php?rest_route=\/wp\/v2\/pages\/24","targetHints":{"allow":["GET"]}}],"collection":[{"href":"https:\/\/physio-nemetz.at\/index.php?rest_route=\/wp\/v2\/pages"}],"about":[{"href":"https:\/\/physio-nemetz.at\/index.php?rest_route=\/wp\/v2\/types\/page"}],"author":[{"embeddable":true,"href":"https:\/\/physio-nemetz.at\/index.php?rest_route=\/wp\/v2\/users\/2"}],"replies":[{"embeddable":true,"href":"https:\/\/physio-nemetz.at\/index.php?rest_route=%2Fwp%2Fv2%2Fcomments&post=24"}],"version-history":[{"count":9,"href":"https:\/\/physio-nemetz.at\/index.php?rest_route=\/wp\/v2\/pages\/24\/revisions"}],"predecessor-version":[{"id":176,"href":"https:\/\/physio-nemetz.at\/index.php?rest_route=\/wp\/v2\/pages\/24\/revisions\/176"}],"wp:attachment":[{"href":"https:\/\/physio-nemetz.at\/index.php?rest_route=%2Fwp%2Fv2%2Fmedia&parent=24"}],"curies":[{"name":"wp","href":"https:\/\/api.w.org\/{rel}","templated":true}]}}